{"id":1213,"date":"2026-01-19T08:14:26","date_gmt":"2026-01-19T08:14:26","guid":{"rendered":"https:\/\/ubettercastor.com\/?post_type=product&#038;p=1213"},"modified":"2026-03-09T07:05:06","modified_gmt":"2026-03-09T07:05:06","slug":"cleanroom-castor-5","status":"publish","type":"product","link":"https:\/\/ubettercastor.com\/pl\/produkt\/cleanroom-castor-5\/","title":{"rendered":"Seria WH06210: \u015arednio ci\u0119\u017ckie k\u00f3\u0142ka do pomieszcze\u0144 czystych"},"content":{"rendered":"<p><img fetchpriority=\"high\" decoding=\"async\" class=\"alignnone size-full wp-image-1109\" src=\"https:\/\/ubettercastor.com\/wp-content\/uploads\/2026\/01\/wh06210-technical-drawing-dimensions-scaled.jpg\" alt=\"\" width=\"2560\" height=\"775\" srcset=\"https:\/\/ubettercastor.com\/wp-content\/uploads\/2026\/01\/wh06210-technical-drawing-dimensions-scaled.jpg 2560w, https:\/\/ubettercastor.com\/wp-content\/uploads\/2026\/01\/wh06210-technical-drawing-dimensions-768x233.jpg 768w, https:\/\/ubettercastor.com\/wp-content\/uploads\/2026\/01\/wh06210-technical-drawing-dimensions-1536x465.jpg 1536w, https:\/\/ubettercastor.com\/wp-content\/uploads\/2026\/01\/wh06210-technical-drawing-dimensions-2048x620.jpg 2048w, https:\/\/ubettercastor.com\/wp-content\/uploads\/2026\/01\/wh06210-technical-drawing-dimensions-600x182.jpg 600w\" sizes=\"(max-width: 2560px) 100vw, 2560px\" \/><\/p>\n<table style=\"border-collapse: collapse; width: 751.52pt;\" border=\"0\" width=\"1002\" cellspacing=\"0\" cellpadding=\"0\">\n<tbody>\n<tr style=\"height: 15.00pt;\">\n<td class=\"et2\" style=\"height: 15.00pt; width: 181.00pt;\" width=\"241\" height=\"20\">Item<\/td>\n<td class=\"et2\" style=\"width: 132.00pt;\" width=\"176\">Wheel Diameter (mm)<\/td>\n<td class=\"et2\" style=\"width: 115.00pt;\" width=\"153\">Wheel Width (mm)<\/td>\n<td class=\"et2\" style=\"width: 69.00pt;\" width=\"92\">Wheel hub<\/td>\n<td class=\"et2\" style=\"width: 111.00pt;\" width=\"148\">Load capacity (kg)<\/td>\n<td class=\"et2\" style=\"width: 144.00pt;\" width=\"192\">Bearing type<\/td>\n<\/tr>\n<tr style=\"height: 15.00pt;\">\n<td class=\"et3\" style=\"height: 15.00pt;\" height=\"20\">WH06210-75ALCPU322-95A<\/td>\n<td class=\"et3\" align=\"right\">75<\/td>\n<td class=\"et3\">30mm*2<\/td>\n<td class=\"et2\">Aluminum<\/td>\n<td class=\"et3\">350kg<\/td>\n<td class=\"et2\">Deep grove ball bearing<\/td>\n<\/tr>\n<tr style=\"height: 15.00pt;\">\n<td class=\"et3\" style=\"height: 15.00pt;\" height=\"20\">WH06210-100ALCPU322-95A<\/td>\n<td class=\"et3\" align=\"right\">100<\/td>\n<td class=\"et3\">30mm*2<\/td>\n<td class=\"et2\">Aluminum<\/td>\n<td class=\"et3\">400kg<\/td>\n<td class=\"et2\">Deep grove ball bearing<\/td>\n<\/tr>\n<tr style=\"height: 15.00pt;\">\n<td class=\"et3\" style=\"height: 15.00pt;\" height=\"20\">WH06210-125ALCPU322-95A<\/td>\n<td class=\"et3\" align=\"right\">125<\/td>\n<td class=\"et3\">30mm*2<\/td>\n<td class=\"et2\">Aluminum<\/td>\n<td class=\"et3\">500kg<\/td>\n<td class=\"et2\">Deep grove ball bearing<\/td>\n<\/tr>\n<\/tbody>\n<\/table>","protected":false},"excerpt":{"rendered":"<p>Obci\u0105\u017cenie: 350 kg-500 kg<\/p>","protected":false},"featured_media":1107,"comment_status":"open","ping_status":"closed","template":"","meta":{"_acf_changed":false},"product_brand":[],"product_cat":[20],"product_tag":[],"class_list":{"0":"post-1213","1":"product","2":"type-product","3":"status-publish","4":"has-post-thumbnail","6":"product_cat-cleanroom-castor-esd","8":"first","9":"instock","10":"shipping-taxable","11":"product-type-simple"},"acf":[],"gallery_images":[1108],"_links":{"self":[{"href":"https:\/\/ubettercastor.com\/pl\/wp-json\/wp\/v2\/product\/1213","targetHints":{"allow":["GET"]}}],"collection":[{"href":"https:\/\/ubettercastor.com\/pl\/wp-json\/wp\/v2\/product"}],"about":[{"href":"https:\/\/ubettercastor.com\/pl\/wp-json\/wp\/v2\/types\/product"}],"replies":[{"embeddable":true,"href":"https:\/\/ubettercastor.com\/pl\/wp-json\/wp\/v2\/comments?post=1213"}],"wp:featuredmedia":[{"embeddable":true,"href":"https:\/\/ubettercastor.com\/pl\/wp-json\/wp\/v2\/media\/1107"}],"wp:attachment":[{"href":"https:\/\/ubettercastor.com\/pl\/wp-json\/wp\/v2\/media?parent=1213"}],"wp:term":[{"taxonomy":"product_brand","embeddable":true,"href":"https:\/\/ubettercastor.com\/pl\/wp-json\/wp\/v2\/product_brand?post=1213"},{"taxonomy":"product_cat","embeddable":true,"href":"https:\/\/ubettercastor.com\/pl\/wp-json\/wp\/v2\/product_cat?post=1213"},{"taxonomy":"product_tag","embeddable":true,"href":"https:\/\/ubettercastor.com\/pl\/wp-json\/wp\/v2\/product_tag?post=1213"}],"curies":[{"name":"wp","href":"https:\/\/api.w.org\/{rel}","templated":true}]}}