{"id":1226,"date":"2026-01-19T08:31:28","date_gmt":"2026-01-19T08:31:28","guid":{"rendered":"https:\/\/ubettercastor.com\/?post_type=product&#038;p=1226"},"modified":"2026-03-11T01:08:04","modified_gmt":"2026-03-11T01:08:04","slug":"jqr010310-super-duty-agv-castor","status":"publish","type":"product","link":"https:\/\/ubettercastor.com\/pl\/produkt\/jqr010310-super-duty-agv-castor\/","title":{"rendered":"Seria JQR010310: Dwuko\u0142owe super wytrzyma\u0142e k\u00f3\u0142ka AGV"},"content":{"rendered":"<p><img fetchpriority=\"high\" decoding=\"async\" class=\"alignnone size-full wp-image-1171\" src=\"https:\/\/ubettercastor.com\/wp-content\/uploads\/2026\/01\/IMG_5516-scaled.jpg\" alt=\"\" width=\"2560\" height=\"779\" srcset=\"https:\/\/ubettercastor.com\/wp-content\/uploads\/2026\/01\/IMG_5516-scaled.jpg 2560w, https:\/\/ubettercastor.com\/wp-content\/uploads\/2026\/01\/IMG_5516-768x234.jpg 768w, https:\/\/ubettercastor.com\/wp-content\/uploads\/2026\/01\/IMG_5516-1536x467.jpg 1536w, https:\/\/ubettercastor.com\/wp-content\/uploads\/2026\/01\/IMG_5516-2048x623.jpg 2048w, https:\/\/ubettercastor.com\/wp-content\/uploads\/2026\/01\/IMG_5516-600x183.jpg 600w\" sizes=\"(max-width: 2560px) 100vw, 2560px\" \/><\/p>\n<table style=\"border-collapse: collapse; width: 751.52pt;\" border=\"0\" width=\"1002\" cellspacing=\"0\" cellpadding=\"0\">\n<tbody>\n<tr style=\"height: 15.00pt;\">\n<td class=\"et2\" style=\"height: 15.00pt; width: 181.00pt;\" width=\"241\" height=\"20\">Item<\/td>\n<td class=\"et2\" style=\"width: 132.00pt;\" width=\"176\">Wheel Diameter (mm)<\/td>\n<td class=\"et2\" style=\"width: 115.00pt;\" width=\"153\">Wheel Width (mm)<\/td>\n<td class=\"et2\" style=\"width: 69.00pt;\" width=\"92\">Wheel hub<\/td>\n<td class=\"et2\" style=\"width: 111.00pt;\" width=\"148\">Load capacity (kg)<\/td>\n<td class=\"et2\" style=\"width: 144.00pt;\" width=\"192\">Bearing type<\/td>\n<\/tr>\n<tr style=\"height: 15.00pt;\">\n<td class=\"et3\" style=\"height: 15.00pt;\" height=\"20\">EQ010310-150CCPU122-95A<\/td>\n<td class=\"et3\">150<\/td>\n<td class=\"et3\">75mm*2<\/td>\n<td class=\"et2\">Steel<\/td>\n<td class=\"et3\">2600kg<\/td>\n<td class=\"et2\">Deep grove ball bearing<\/td>\n<\/tr>\n<tr style=\"height: 15.00pt;\">\n<td class=\"et3\" style=\"height: 15.00pt;\" height=\"20\">EQ010310-200CCPU122-95A<\/td>\n<td class=\"et3\">200<\/td>\n<td class=\"et3\">75mm*2<\/td>\n<td class=\"et2\">Steel<\/td>\n<td class=\"et3\">3000kg<\/td>\n<td class=\"et2\">Deep grove ball bearing<\/td>\n<\/tr>\n<tr style=\"height: 15.00pt;\">\n<td class=\"et3\" style=\"height: 15.00pt;\" height=\"20\">EQ010310-250CCPU122-95A<\/td>\n<td class=\"et3\">250<\/td>\n<td class=\"et3\">75mm*2<\/td>\n<td class=\"et2\">Steel<\/td>\n<td class=\"et3\">3500kg<\/td>\n<td class=\"et2\">Deep grove ball bearing<\/td>\n<\/tr>\n<tr style=\"height: 15.00pt;\">\n<td class=\"et3\" style=\"height: 15.00pt;\" height=\"20\">EQ010310-300CCPU122-95A<\/td>\n<td class=\"et3\">300<\/td>\n<td class=\"et3\">75mm*2<\/td>\n<td class=\"et2\">Steel<\/td>\n<td class=\"et3\">3800kg<\/td>\n<td class=\"et2\">Deep grove ball bearing<\/td>\n<\/tr>\n<tr style=\"height: 15.00pt;\">\n<td class=\"et3\" style=\"height: 15.00pt;\" height=\"20\">EQ010310-365CCPU122-95A<\/td>\n<td class=\"et3\">365<\/td>\n<td class=\"et3\">75mm*2<\/td>\n<td class=\"et2\">Steel<\/td>\n<td class=\"et3\">4000kg<\/td>\n<td class=\"et2\">Deep grove ball bearing<\/td>\n<\/tr>\n<tr style=\"height: 15.00pt;\">\n<td class=\"et3\" style=\"height: 15.00pt;\" height=\"20\">EQ010310-400CCPU122-95A<\/td>\n<td class=\"et3\">400<\/td>\n<td class=\"et3\">75mm*2<\/td>\n<td class=\"et2\">Steel<\/td>\n<td class=\"et3\">4500kg<\/td>\n<td class=\"et2\">Deep grove ball bearing<\/td>\n<\/tr>\n<\/tbody>\n<\/table>","protected":false},"excerpt":{"rendered":"<p>Load: 2600kg-4500kg<\/p>","protected":false},"featured_media":1170,"comment_status":"open","ping_status":"closed","template":"","meta":{"_acf_changed":false},"product_brand":[],"product_cat":[62],"product_tag":[],"class_list":{"0":"post-1226","1":"product","2":"type-product","3":"status-publish","4":"has-post-thumbnail","6":"product_cat-standard-robot-castors","8":"first","9":"instock","10":"shipping-taxable","11":"product-type-simple"},"acf":[],"gallery_images":[1172],"_links":{"self":[{"href":"https:\/\/ubettercastor.com\/pl\/wp-json\/wp\/v2\/product\/1226","targetHints":{"allow":["GET"]}}],"collection":[{"href":"https:\/\/ubettercastor.com\/pl\/wp-json\/wp\/v2\/product"}],"about":[{"href":"https:\/\/ubettercastor.com\/pl\/wp-json\/wp\/v2\/types\/product"}],"replies":[{"embeddable":true,"href":"https:\/\/ubettercastor.com\/pl\/wp-json\/wp\/v2\/comments?post=1226"}],"wp:featuredmedia":[{"embeddable":true,"href":"https:\/\/ubettercastor.com\/pl\/wp-json\/wp\/v2\/media\/1170"}],"wp:attachment":[{"href":"https:\/\/ubettercastor.com\/pl\/wp-json\/wp\/v2\/media?parent=1226"}],"wp:term":[{"taxonomy":"product_brand","embeddable":true,"href":"https:\/\/ubettercastor.com\/pl\/wp-json\/wp\/v2\/product_brand?post=1226"},{"taxonomy":"product_cat","embeddable":true,"href":"https:\/\/ubettercastor.com\/pl\/wp-json\/wp\/v2\/product_cat?post=1226"},{"taxonomy":"product_tag","embeddable":true,"href":"https:\/\/ubettercastor.com\/pl\/wp-json\/wp\/v2\/product_tag?post=1226"}],"curies":[{"name":"wp","href":"https:\/\/api.w.org\/{rel}","templated":true}]}}