{"id":1228,"date":"2026-01-19T08:34:52","date_gmt":"2026-01-19T08:34:52","guid":{"rendered":"https:\/\/ubettercastor.com\/?post_type=product&#038;p=1228"},"modified":"2026-03-11T01:45:05","modified_gmt":"2026-03-11T01:45:05","slug":"yz01510-triple-wheel-obstacle-crossing-castor","status":"publish","type":"product","link":"https:\/\/ubettercastor.com\/pl\/produkt\/yz01510-triple-wheel-obstacle-crossing-castor\/","title":{"rendered":"Seria YZ01510: Tr\u00f3jko\u0142owy zestaw ko\u0142owy do pokonywania przeszk\u00f3d"},"content":{"rendered":"<p><img fetchpriority=\"high\" decoding=\"async\" class=\"alignnone size-full wp-image-1122\" src=\"https:\/\/ubettercastor.com\/wp-content\/uploads\/2026\/01\/IMG_5376-scaled.jpg\" alt=\"\" width=\"2560\" height=\"1208\" srcset=\"https:\/\/ubettercastor.com\/wp-content\/uploads\/2026\/01\/IMG_5376-scaled.jpg 2560w, https:\/\/ubettercastor.com\/wp-content\/uploads\/2026\/01\/IMG_5376-768x362.jpg 768w, https:\/\/ubettercastor.com\/wp-content\/uploads\/2026\/01\/IMG_5376-1536x725.jpg 1536w, https:\/\/ubettercastor.com\/wp-content\/uploads\/2026\/01\/IMG_5376-2048x967.jpg 2048w, https:\/\/ubettercastor.com\/wp-content\/uploads\/2026\/01\/IMG_5376-600x283.jpg 600w\" sizes=\"(max-width: 2560px) 100vw, 2560px\" \/><\/p>\n<table style=\"border-collapse: collapse; width: 1074.03pt;\" border=\"0\" width=\"1432\" cellspacing=\"0\" cellpadding=\"0\">\n<tbody>\n<tr style=\"height: 22.00pt;\">\n<td class=\"et2\" style=\"height: 22.00pt; width: 181.00pt;\" width=\"241\" height=\"29\">Item<\/td>\n<td class=\"et2\" style=\"width: 132.00pt;\" width=\"176\">Wheel Diameter (mm)<\/td>\n<td class=\"et2\" style=\"width: 115.00pt;\" width=\"153\">Wheel Width (mm)<\/td>\n<td class=\"et2\" style=\"width: 69.00pt;\" width=\"92\">Wheel hub<\/td>\n<td class=\"et2\" style=\"width: 111.00pt;\" width=\"148\">Load capacity (kg)<\/td>\n<td class=\"et2\" style=\"width: 144.00pt;\" width=\"192\">Bearing type<\/td>\n<td class=\"et2\" style=\"width: 109.00pt;\" width=\"145\">H(mm)<\/td>\n<td class=\"et2\" style=\"width: 65.00pt;\" width=\"86\">H1(mm)<\/td>\n<td class=\"et2\" style=\"width: 65.00pt;\" width=\"86\">H2(mm)<\/td>\n<td class=\"et2\" style=\"width: 83.00pt;\" width=\"110\">Offset\/B(mm)<\/td>\n<\/tr>\n<tr style=\"height: 15.00pt;\">\n<td class=\"et3\" style=\"height: 15.00pt;\" height=\"20\">YZ01510-38ALCPU132-80A<\/td>\n<td class=\"et2\">38<\/td>\n<td class=\"et3\">15mm*3<\/td>\n<td class=\"et2\">Aluminum<\/td>\n<td class=\"et3\">25kg<\/td>\n<td class=\"et2\">Deep grove ball bearing<\/td>\n<td class=\"et3\">58<\/td>\n<td class=\"et3\">39<\/td>\n<td class=\"et3\">33<\/td>\n<td class=\"et3\">40<\/td>\n<\/tr>\n<tr style=\"height: 15.00pt;\">\n<td class=\"et3\" style=\"height: 15.00pt;\" height=\"20\">YZ01510-50ALCPU132-80A<\/td>\n<td class=\"et2\">50<\/td>\n<td class=\"et3\">15mm*3<\/td>\n<td class=\"et2\">Aluminum<\/td>\n<td class=\"et3\">40kg<\/td>\n<td class=\"et2\">Deep grove ball bearing<\/td>\n<td class=\"et3\">82<\/td>\n<td class=\"et3\">57<\/td>\n<td class=\"et3\">44<\/td>\n<td class=\"et3\">50<\/td>\n<\/tr>\n<\/tbody>\n<\/table>","protected":false},"excerpt":{"rendered":"<p>Load: 25kg-40kg<\/p>","protected":false},"featured_media":1121,"comment_status":"open","ping_status":"closed","template":"","meta":{"_acf_changed":false},"product_brand":[],"product_cat":[48],"product_tag":[],"class_list":{"0":"post-1228","1":"product","2":"type-product","3":"status-publish","4":"has-post-thumbnail","6":"product_cat-obstacle-crossing-castors-amr","8":"first","9":"instock","10":"shipping-taxable","11":"product-type-simple"},"acf":[],"gallery_images":[1123],"_links":{"self":[{"href":"https:\/\/ubettercastor.com\/pl\/wp-json\/wp\/v2\/product\/1228","targetHints":{"allow":["GET"]}}],"collection":[{"href":"https:\/\/ubettercastor.com\/pl\/wp-json\/wp\/v2\/product"}],"about":[{"href":"https:\/\/ubettercastor.com\/pl\/wp-json\/wp\/v2\/types\/product"}],"replies":[{"embeddable":true,"href":"https:\/\/ubettercastor.com\/pl\/wp-json\/wp\/v2\/comments?post=1228"}],"wp:featuredmedia":[{"embeddable":true,"href":"https:\/\/ubettercastor.com\/pl\/wp-json\/wp\/v2\/media\/1121"}],"wp:attachment":[{"href":"https:\/\/ubettercastor.com\/pl\/wp-json\/wp\/v2\/media?parent=1228"}],"wp:term":[{"taxonomy":"product_brand","embeddable":true,"href":"https:\/\/ubettercastor.com\/pl\/wp-json\/wp\/v2\/product_brand?post=1228"},{"taxonomy":"product_cat","embeddable":true,"href":"https:\/\/ubettercastor.com\/pl\/wp-json\/wp\/v2\/product_cat?post=1228"},{"taxonomy":"product_tag","embeddable":true,"href":"https:\/\/ubettercastor.com\/pl\/wp-json\/wp\/v2\/product_tag?post=1228"}],"curies":[{"name":"wp","href":"https:\/\/api.w.org\/{rel}","templated":true}]}}