{"id":1231,"date":"2026-01-19T08:37:13","date_gmt":"2026-01-19T08:37:13","guid":{"rendered":"https:\/\/ubettercastor.com\/?post_type=product&#038;p=1231"},"modified":"2026-03-11T02:12:51","modified_gmt":"2026-03-11T02:12:51","slug":"jqr06310-obstacle-crossing-castors","status":"publish","type":"product","link":"https:\/\/ubettercastor.com\/pl\/produkt\/jqr06310-obstacle-crossing-castors\/","title":{"rendered":"Seria JQR06310: Zestaw ko\u0142owy do pokonywania przeszk\u00f3d o du\u017cej pojemno\u015bci"},"content":{"rendered":"<p><img fetchpriority=\"high\" decoding=\"async\" class=\"alignnone size-full wp-image-1131\" src=\"https:\/\/ubettercastor.com\/wp-content\/uploads\/2026\/01\/IMG_5389-scaled.jpg\" alt=\"\" width=\"2560\" height=\"1229\" srcset=\"https:\/\/ubettercastor.com\/wp-content\/uploads\/2026\/01\/IMG_5389-scaled.jpg 2560w, https:\/\/ubettercastor.com\/wp-content\/uploads\/2026\/01\/IMG_5389-768x369.jpg 768w, https:\/\/ubettercastor.com\/wp-content\/uploads\/2026\/01\/IMG_5389-1536x737.jpg 1536w, https:\/\/ubettercastor.com\/wp-content\/uploads\/2026\/01\/IMG_5389-2048x983.jpg 2048w, https:\/\/ubettercastor.com\/wp-content\/uploads\/2026\/01\/IMG_5389-600x288.jpg 600w\" sizes=\"(max-width: 2560px) 100vw, 2560px\" \/><\/p>\n<table style=\"border-collapse: collapse; width: 751.52pt;\" border=\"0\" width=\"1002\" cellspacing=\"0\" cellpadding=\"0\">\n<tbody>\n<tr style=\"height: 15.00pt;\">\n<td class=\"et2\" style=\"height: 15.00pt; width: 181.00pt;\" width=\"241\" height=\"20\">Item<\/td>\n<td class=\"et2\" style=\"width: 132.00pt;\" width=\"176\">Wheel Diameter (mm)<\/td>\n<td class=\"et2\" style=\"width: 115.00pt;\" width=\"153\">Wheel Width (mm)<\/td>\n<td class=\"et2\" style=\"width: 69.00pt;\" width=\"92\">Wheel hub<\/td>\n<td class=\"et2\" style=\"width: 111.00pt;\" width=\"148\">Load capacity (kg)<\/td>\n<td class=\"et2\" style=\"width: 144.00pt;\" width=\"192\">Bearing type<\/td>\n<\/tr>\n<tr style=\"height: 15.00pt;\">\n<td class=\"et3\" style=\"height: 15.00pt;\" height=\"20\">JQR06310-75ALCPU132-95A<\/td>\n<td class=\"et2\">75<\/td>\n<td class=\"et3\">30mm*2+40mm<\/td>\n<td class=\"et2\">Aluminum<\/td>\n<td class=\"et3\">350kg<\/td>\n<td class=\"et2\">Deep grove ball bearing<\/td>\n<\/tr>\n<tr style=\"height: 15.00pt;\">\n<td class=\"et3\" style=\"height: 15.00pt;\" height=\"20\">JQR06310-100ALCPU132-95A<\/td>\n<td class=\"et2\">100<\/td>\n<td class=\"et3\">40mm*3<\/td>\n<td class=\"et2\">Aluminum<\/td>\n<td class=\"et3\">400kg<\/td>\n<td class=\"et2\">Deep grove ball bearing<\/td>\n<\/tr>\n<\/tbody>\n<\/table>\n<p>&nbsp;<\/p>","protected":false},"excerpt":{"rendered":"<p>Load: 350kg-400kg<\/p>","protected":false},"featured_media":1130,"comment_status":"open","ping_status":"closed","template":"","meta":{"_acf_changed":false},"product_brand":[],"product_cat":[48],"product_tag":[],"class_list":{"0":"post-1231","1":"product","2":"type-product","3":"status-publish","4":"has-post-thumbnail","6":"product_cat-obstacle-crossing-castors-amr","8":"first","9":"instock","10":"shipping-taxable","11":"product-type-simple"},"acf":[],"gallery_images":[1132],"_links":{"self":[{"href":"https:\/\/ubettercastor.com\/pl\/wp-json\/wp\/v2\/product\/1231","targetHints":{"allow":["GET"]}}],"collection":[{"href":"https:\/\/ubettercastor.com\/pl\/wp-json\/wp\/v2\/product"}],"about":[{"href":"https:\/\/ubettercastor.com\/pl\/wp-json\/wp\/v2\/types\/product"}],"replies":[{"embeddable":true,"href":"https:\/\/ubettercastor.com\/pl\/wp-json\/wp\/v2\/comments?post=1231"}],"wp:featuredmedia":[{"embeddable":true,"href":"https:\/\/ubettercastor.com\/pl\/wp-json\/wp\/v2\/media\/1130"}],"wp:attachment":[{"href":"https:\/\/ubettercastor.com\/pl\/wp-json\/wp\/v2\/media?parent=1231"}],"wp:term":[{"taxonomy":"product_brand","embeddable":true,"href":"https:\/\/ubettercastor.com\/pl\/wp-json\/wp\/v2\/product_brand?post=1231"},{"taxonomy":"product_cat","embeddable":true,"href":"https:\/\/ubettercastor.com\/pl\/wp-json\/wp\/v2\/product_cat?post=1231"},{"taxonomy":"product_tag","embeddable":true,"href":"https:\/\/ubettercastor.com\/pl\/wp-json\/wp\/v2\/product_tag?post=1231"}],"curies":[{"name":"wp","href":"https:\/\/api.w.org\/{rel}","templated":true}]}}