{"id":1240,"date":"2026-01-19T08:48:55","date_gmt":"2026-01-19T08:48:55","guid":{"rendered":"https:\/\/ubettercastor.com\/?post_type=product&#038;p=1240"},"modified":"2026-03-11T03:34:49","modified_gmt":"2026-03-11T03:34:49","slug":"high-speed-amr-drive-wheel","status":"publish","type":"product","link":"https:\/\/ubettercastor.com\/pl\/produkt\/high-speed-amr-drive-wheel\/","title":{"rendered":"Ko\u0142o nap\u0119dowe do magazyn\u00f3w szybkobie\u017cnych"},"content":{"rendered":"<p>&nbsp;<\/p>\n<table style=\"border-collapse: collapse; width: 903.02pt;\" border=\"0\" width=\"1204\" cellspacing=\"0\" cellpadding=\"0\">\n<tbody>\n<tr style=\"height: 26.00pt;\">\n<td class=\"et2\" style=\"height: 26.00pt; width: 182.00pt;\" width=\"242\" height=\"34\">Wheel Diameter (mm)<\/td>\n<td class=\"et2\" style=\"width: 182.00pt;\" width=\"242\">Wheel width range (mm)<\/td>\n<td class=\"et2\" style=\"width: 182.00pt;\" width=\"242\">Load capacity<\/td>\n<td class=\"et2\" style=\"width: 123.00pt;\" width=\"164\">Wheel hub material<\/td>\n<td class=\"et2\" style=\"width: 123.00pt;\" width=\"164\">PU Hardness<\/td>\n<td class=\"et2\" style=\"width: 111.00pt;\" width=\"148\">Installation Method<\/td>\n<\/tr>\n<tr style=\"height: 15.00pt;\">\n<td class=\"et2\" style=\"height: 60.00pt;\" rowspan=\"4\" height=\"80\">Upon application<\/td>\n<td class=\"et2\" rowspan=\"4\">Upon application<\/td>\n<td class=\"et2\" rowspan=\"4\">Upon request<\/td>\n<td class=\"et2\">Alloy Aluminum<\/td>\n<td class=\"et2\" rowspan=\"4\">Upon application<\/td>\n<td class=\"et3\" rowspan=\"4\">Upon request<\/td>\n<\/tr>\n<tr style=\"height: 15.00pt;\">\n<td class=\"et2\">45# Steel<\/td>\n<\/tr>\n<tr style=\"height: 15.00pt;\">\n<td class=\"et2\">Stainless Steel<\/td>\n<\/tr>\n<tr style=\"height: 15.00pt;\">\n<td class=\"et2\">Cast iron<\/td>\n<\/tr>\n<\/tbody>\n<\/table>","protected":false},"excerpt":{"rendered":"<p>&nbsp; Wheel Diameter (mm) Wheel width range (mm) Load capacity Wheel hub material PU Hardness Installation Method Upon application Upon application Upon request Alloy Aluminum Upon application Upon request 45# Steel Stainless Steel Cast iron<\/p>","protected":false},"featured_media":693,"comment_status":"open","ping_status":"closed","template":"","meta":{"_acf_changed":false},"product_brand":[],"product_cat":[47],"product_tag":[],"class_list":{"0":"post-1240","1":"product","2":"type-product","3":"status-publish","4":"has-post-thumbnail","6":"product_cat-pu-drive-wheels-agv","8":"first","9":"instock","10":"shipping-taxable","11":"product-type-simple"},"acf":[],"gallery_images":[845],"_links":{"self":[{"href":"https:\/\/ubettercastor.com\/pl\/wp-json\/wp\/v2\/product\/1240","targetHints":{"allow":["GET"]}}],"collection":[{"href":"https:\/\/ubettercastor.com\/pl\/wp-json\/wp\/v2\/product"}],"about":[{"href":"https:\/\/ubettercastor.com\/pl\/wp-json\/wp\/v2\/types\/product"}],"replies":[{"embeddable":true,"href":"https:\/\/ubettercastor.com\/pl\/wp-json\/wp\/v2\/comments?post=1240"}],"wp:featuredmedia":[{"embeddable":true,"href":"https:\/\/ubettercastor.com\/pl\/wp-json\/wp\/v2\/media\/693"}],"wp:attachment":[{"href":"https:\/\/ubettercastor.com\/pl\/wp-json\/wp\/v2\/media?parent=1240"}],"wp:term":[{"taxonomy":"product_brand","embeddable":true,"href":"https:\/\/ubettercastor.com\/pl\/wp-json\/wp\/v2\/product_brand?post=1240"},{"taxonomy":"product_cat","embeddable":true,"href":"https:\/\/ubettercastor.com\/pl\/wp-json\/wp\/v2\/product_cat?post=1240"},{"taxonomy":"product_tag","embeddable":true,"href":"https:\/\/ubettercastor.com\/pl\/wp-json\/wp\/v2\/product_tag?post=1240"}],"curies":[{"name":"wp","href":"https:\/\/api.w.org\/{rel}","templated":true}]}}